{"id":3,"date":"2025-03-03T09:14:48","date_gmt":"2025-03-03T14:14:48","guid":{"rendered":"https:\/\/lecam.ca\/campingavendre\/?page_id=3"},"modified":"2025-06-02T15:57:39","modified_gmt":"2025-06-02T19:57:39","slug":"privacy-policy","status":"publish","type":"page","link":"https:\/\/campingavendre.ca\/en\/privacy-policy\/","title":{"rendered":"Privacy Policy"},"content":{"rendered":"\t\t<div data-elementor-type=\"wp-page\" data-elementor-id=\"3\" class=\"elementor elementor-3\">\n\t\t\t\t\t\t<section class=\"elementor-section elementor-top-section elementor-element elementor-element-71edf7fb elementor-section-height-min-height animated-slow elementor-section-boxed elementor-section-height-default elementor-section-items-middle elementor-invisible\" data-id=\"71edf7fb\" data-element_type=\"section\" data-e-type=\"section\" data-settings=\"{&quot;background_background&quot;:&quot;classic&quot;,&quot;animation&quot;:&quot;fadeIn&quot;}\">\n\t\t\t\t\t\t\t<div class=\"elementor-background-overlay\"><\/div>\n\t\t\t\t\t\t\t<div class=\"elementor-container elementor-column-gap-default\">\n\t\t\t\t\t<div class=\"elementor-column elementor-col-100 elementor-top-column elementor-element elementor-element-31abbd9f\" data-id=\"31abbd9f\" data-element_type=\"column\" data-e-type=\"column\">\n\t\t\t<div class=\"elementor-widget-wrap elementor-element-populated\">\n\t\t\t\t\t\t<div class=\"elementor-element elementor-element-7159c8dd elementor-widget elementor-widget-heading\" data-id=\"7159c8dd\" data-element_type=\"widget\" data-e-type=\"widget\" data-widget_type=\"heading.default\">\n\t\t\t\t<div class=\"elementor-widget-container\">\n\t\t\t\t\t<h1 class=\"elementor-heading-title elementor-size-default\">PRIVACY POLICY<\/h1>\t\t\t\t<\/div>\n\t\t\t\t<\/div>\n\t\t\t\t\t<\/div>\n\t\t<\/div>\n\t\t\t\t\t<\/div>\n\t\t<\/section>\n\t\t<div class=\"elementor-element elementor-element-6ed55000 e-flex e-con-boxed e-con e-parent\" data-id=\"6ed55000\" data-element_type=\"container\" data-e-type=\"container\">\n\t\t\t\t\t<div class=\"e-con-inner\">\n\t\t\t\t<div class=\"elementor-element elementor-element-70a05179 elementor-widget elementor-widget-text-editor\" data-id=\"70a05179\" data-element_type=\"widget\" data-e-type=\"widget\" data-widget_type=\"text-editor.default\">\n\t\t\t\t<div class=\"elementor-widget-container\">\n\t\t\t\t\t\t\t\t\t<h2><strong>Who we are<\/strong><\/h2><p>Our website address is: www.campingavendre.ca<\/p><h3><strong>Collection of Personal Information<\/strong><\/h3><h3><strong>Personal Information Collected<\/strong><\/h3><p>In order to benefit from the personalized services of CAMPINGAVENDRE.CA available on the digital platforms, you must provide us with certain information that will serve to identify you and confirm your identity, without which we are unable to offer you the services in question. We also collect personal information in order to offer you certain services.<\/p><h3><strong>What types of personal information do you collect and why?<\/strong><\/h3><p>We collect and use your personal information to carry out our mission, notably to:<\/p><ul><li>communicate with you;<\/li><li>process your application for positions we advertise;<\/li><li>provide you with the usual services of CAMPINGAVENDRE.CA;<\/li><li>continuously ensure the efficiency and quality of our business processes;<\/li><li>understand your experience as a client or candidate to ensure it is positive for you;<\/li><li>offer useful information and content to you and promote our services and programs.<\/li><\/ul><p>We only collect personal information that is necessary for the intended purposes. Furthermore, when we collect your personal information, we specify the intended uses. For example, you can read the Terms of Use and Privacy page of our website to learn more about the type of personal information we collect when you browse our website and how we use this data.<\/p><h3><strong>Automatic Information Exchange<\/strong><\/h3><p>Bonjour! Content de poursuivre notre travail sur la politique de confidentialit\u00e9. Voici la suite de la traduction en anglais canadien de votre texte, en reprenant l\u00e0 o\u00f9 nous nous sommes arr\u00eat\u00e9s :<\/p><p>To ensure that all Browse functions of CAMPINGAVENDRE.CA websites (under the domain name campingavendre.ca) are fully functional, your computer and the site server exchange certain technical information. This information is fragmented and does not allow you to be identified.<\/p><p>Cookies are small text files that are downloaded when you visit certain pages of a site and are stored in the memory of the device you are using.<\/p><p>Cookies are used to update and optimize our websites based on your use and needs.<\/p><p>CAMPINGAVENDRE.CA and its providers use the Google Analytics platform to analyze the use of CAMPINGAVENDRE.CA&#8217;s digital platforms for statistical purposes and site improvement. The following information is collected through a cookie:<\/p><ul><li>your IP address;<\/li><li>your Internet service provider;<\/li><li>the start and end date and time of the visit;<\/li><li>the browser language;<\/li><li>the region or municipality, determined by the IP address;<\/li><li>the browser type and version;<\/li><li>the operating system type and version;<\/li><li>the device type and model (phone, tablet, or computer);<\/li><li>the domain of the previously visited site;<\/li><li>the address of pages visited on CAMPINGAVENDRE.CA sites;<\/li><li>your activities (e.g., click, screen scrolling) on CAMPINGAVENDRE.CA sites;<\/li><li>the origin point (banner, email, social network, print publication, advertiser website) of your visit;<\/li><li>the screen resolution of the device you are using.<\/li><\/ul><p>This information may also be used by CAMPINGAVENDRE.CA and its providers to design, improve, or market products and services. It is collected and stored by Google on servers that may be located outside of Canada. However, this information is not shared by CAMPINGAVENDRE.CA with external parties. You can manage Browse cookies.<\/p><p>If you wish, you can prevent Google from collecting data related to your use of CAMPINGAVENDRE.CA websites by <a href=\"https:\/\/tools.google.com\/dlpage\/gaoptout?hl=en\" target=\"_blank\" rel=\"noopener\">downloading the browser add-on that disables Google Analytics.<\/a><\/p><h3><strong>Cookies<\/strong><\/h3><p>Cookies are small text files that are stored on your computer or mobile device. They contain information about the browser you are using and the pages you have viewed. You can delete or disable cookies at any time from your browser.<\/p><h3><strong>What are cookies used for?<\/strong><\/h3><p>Cookies are commonly used by websites. They perform various functions and are distinguished by their different roles.<\/p><p>To manage cookies generally in a particular browser, consult the following pages:<\/p><ul><li><a href=\"https:\/\/support.google.com\/accounts\/answer\/61416?co=GENIE.Platform%3DDesktop&amp;hl=fr\" target=\"_blank\" rel=\"noopener\">Delete and manage cookies in Internet ExplorerMC<\/a><\/li><li><a href=\"https:\/\/support.apple.com\/fr-fr\/guide\/safari\/sfri11471\/mac\" target=\"_blank\" rel=\"noopener\">Manage cookies and website data in SafariMC on Mac<\/a><\/li><li><a href=\"https:\/\/support.google.com\/accounts\/answer\/61416?hl=fr\" target=\"_blank\" rel=\"noopener\">Enable or disable cookies in ChromeMC<\/a><\/li><li><a href=\"https:\/\/support.mozilla.org\/fr\/kb\/protection-renforcee-contre-pistage-firefox-ordinateur?redirectslug=activer-desactiver-cookies-preferences&amp;redirectlocale=fr\" target=\"_blank\" rel=\"noopener\">Allow and block cookies in FirefoxMC<\/a><\/li><li><a href=\"https:\/\/support.mozilla.org\/fr\/kb\/protection-renforcee-contre-pistage-firefox-ordinateur?redirectslug=activer-desactiver-cookies-preferences&amp;redirectlocale=fr\" target=\"_blank\" rel=\"noopener\">How to clear browser cache\/history\/cookies in OperaMC<\/a><\/li><\/ul><p>You can also generally manage cookie saving by changing your smartphone settings:<\/p><ul><li><a href=\"https:\/\/support.apple.com\/fr-fr\/105082\" target=\"_blank\" rel=\"noopener\">Clear history and cookies stored on Safari on your iPhone, iPad, or iPod touch<\/a><\/li><li>Delete your history and activity on Android<\/li><\/ul><p>To manage cookies specifically on our website, you can do so at any time by clicking the button at the bottom of the page. These choices are valid for a maximum of 30 days. Note that this cookie management is associated with the browser and device you are using, so if you use another device or browser for your next visit, the banner asking you to manage your cookies will reappear.<\/p><h3><strong>Functional Cookies (Mandatory)<\/strong><\/h3><p>These cookies are essential for the proper functioning of our website, which is why you cannot delete them. They allow you to:<\/p><ul><li>use the main features of the site and secure it;<\/li><li>implement security measures;<\/li><\/ul><h3>The following information is collected:<\/h3><ul><li>the language used by the browser;<\/li><li>the browser type and version;<\/li><li>the operating system type and version;<\/li><li>the device type and model (phone, tablet, or computer);<\/li><li>the screen resolution of the device you are using.<\/li><\/ul><p><em>Cookie Name: _rubiskuit<\/em> <em>Usage: This cookie is used to determine the user&#8217;s cookie preferences.<\/em><\/p><h3><strong>Statistical Cookies<\/strong><\/h3><p>These cookies allow us to know how our sites are used and their performance, to establish usage statistics, and to determine the volumes of traffic and use of the various elements composing our sites (sections and content visited, navigation paths). These elements allow us to improve the relevance and ergonomics of our services to better meet your needs.<\/p><h3>The following information is collected:<\/h3><ul><li>your IP address;<\/li><li>your geographical location (region derived from your IP address);<\/li><li>your Internet service provider;<\/li><li>the start and end date and time of the visit;<\/li><li>the domain of the previously visited site;<\/li><li>the address of pages visited on CAMPINGAVENDRE.CA sites;<\/li><li>your activities (e.g., clicks, screen scrolling) on CAMPINGAVENDRE.CA sites;<\/li><li>the origin point of your visit (banner, email, social network, advertiser website);<\/li><li>your searches using the integrated tool on our sites.<\/li><li><strong>Embedded Content from Other Websites<\/strong> Articles on this site may include embedded content (e.g., videos, images, articles, etc.). Embedded content from other sites behaves in the exact same way as if the visitor had visited the other site. These websites may collect data about you, use cookies, embed third-party tracking tools, or monitor your interactions with this embedded content if you have an account and are logged in to their website. The content of these sites, the links they contain, any changes made to them, and the products or services provided on these sites are in no way approved, controlled, or authorized by CAMPINGAVENDRE.CA. CAMPINGAVENDRE.CA cannot be held responsible for the following:<\/li><li>content, products, or services distributed on third-party sites;<\/li><li>the presence of unauthorized hyperlinks on its digital platforms;<\/li><li>contamination by computer viruses attributable to the use of third-party sites or deficient data protection on these sites;<\/li><li>the collection of your personal information, as well as its use and disclosure on these sites.<\/li><li>CAMPINGAVENDRE.CA may modify, add, or delete hyperlinks published on its website at any time.<\/li><\/ul><h3><strong>With whom do we share your data?<\/strong><\/h3><p>Your data is shared with:<\/p><ul><li><a href=\"https:\/\/ideocom.ca\" target=\"_blank\" rel=\"noopener\">Our web and marketing provider<\/a><\/li><li><strong>How long is your data retained?<\/strong> For users who register on our site (if possible), we also store the personal data indicated in their profile. All users can view, modify, or delete their personal information at any time (with the exception of their username). Site administrators can also view and modify this information.<\/li><li><strong>What rights do you have over your data?<\/strong> You can request to receive a file containing all the personal data we hold about you, including any data you have provided to us. You can also request the erasure of any personal data we hold about you. This does not include any data we are obliged to keep for administrative, legal, medical, or security purposes.<\/li><li>For any request concerning your personal data, you can contact:<\/li><\/ul><p>\u00a0Patsy Gagn\u00e9<\/p><p>514-730-5340<\/p>\t\t\t\t\t\t\t\t<\/div>\n\t\t\t\t<\/div>\n\t\t\t\t\t<\/div>\n\t\t\t\t<\/div>\n\t\t\t\t<\/div>\n\t\t","protected":false},"excerpt":{"rendered":"<p>PRIVACY POLICY Who we are Our website address is: www.campingavendre.ca Collection of Personal Information Personal Information Collected In order to benefit from the personalized services of CAMPINGAVENDRE.CA available on the digital platforms, you must provide us with certain information that will serve to identify you and confirm your identity, without which we are unable to [&hellip;]<\/p>\n","protected":false},"author":1,"featured_media":0,"parent":0,"menu_order":0,"comment_status":"closed","ping_status":"closed","template":"template\/template-homepage.php","meta":{"_monsterinsights_skip_tracking":false,"_monsterinsights_sitenote_active":false,"_monsterinsights_sitenote_note":"","_monsterinsights_sitenote_category":0,"footnotes":""},"class_list":["post-3","page","type-page","status-publish","hentry"],"_links":{"self":[{"href":"https:\/\/campingavendre.ca\/en\/wp-json\/wp\/v2\/pages\/3","targetHints":{"allow":["GET"]}}],"collection":[{"href":"https:\/\/campingavendre.ca\/en\/wp-json\/wp\/v2\/pages"}],"about":[{"href":"https:\/\/campingavendre.ca\/en\/wp-json\/wp\/v2\/types\/page"}],"author":[{"embeddable":true,"href":"https:\/\/campingavendre.ca\/en\/wp-json\/wp\/v2\/users\/1"}],"replies":[{"embeddable":true,"href":"https:\/\/campingavendre.ca\/en\/wp-json\/wp\/v2\/comments?post=3"}],"version-history":[{"count":0,"href":"https:\/\/campingavendre.ca\/en\/wp-json\/wp\/v2\/pages\/3\/revisions"}],"wp:attachment":[{"href":"https:\/\/campingavendre.ca\/en\/wp-json\/wp\/v2\/media?parent=3"}],"curies":[{"name":"wp","href":"https:\/\/api.w.org\/{rel}","templated":true}]}}