{"id":19283,"date":"2025-05-09T14:31:40","date_gmt":"2025-05-09T18:31:40","guid":{"rendered":"https:\/\/lecam.ca\/campingavendre\/stephanie-kintzig\/"},"modified":"2025-06-04T11:04:32","modified_gmt":"2025-06-04T15:04:32","slug":"stephanie-kintzig","status":"publish","type":"page","link":"https:\/\/campingavendre.ca\/en\/stephanie-kintzig\/","title":{"rendered":"St\u00e9phanie Kintzig"},"content":{"rendered":"\t\t<div data-elementor-type=\"wp-page\" data-elementor-id=\"19283\" class=\"elementor elementor-19283 elementor-18783\">\n\t\t\t\t\t\t<section class=\"elementor-section elementor-top-section elementor-element elementor-element-125aa3d elementor-section-height-min-height animated-slow elementor-section-boxed elementor-section-height-default elementor-section-items-middle elementor-invisible\" data-id=\"125aa3d\" data-element_type=\"section\" data-e-type=\"section\" data-settings=\"{&quot;background_background&quot;:&quot;classic&quot;,&quot;animation&quot;:&quot;fadeIn&quot;}\">\n\t\t\t\t\t\t\t<div class=\"elementor-background-overlay\"><\/div>\n\t\t\t\t\t\t\t<div class=\"elementor-container elementor-column-gap-default\">\n\t\t\t\t\t<div class=\"elementor-column elementor-col-100 elementor-top-column elementor-element elementor-element-3b3a0df\" data-id=\"3b3a0df\" data-element_type=\"column\" data-e-type=\"column\">\n\t\t\t<div class=\"elementor-widget-wrap elementor-element-populated\">\n\t\t\t\t\t\t<div class=\"elementor-element elementor-element-1bdf606 elementor-widget elementor-widget-heading\" data-id=\"1bdf606\" data-element_type=\"widget\" data-e-type=\"widget\" data-widget_type=\"heading.default\">\n\t\t\t\t<div class=\"elementor-widget-container\">\n\t\t\t\t\t<h1 class=\"elementor-heading-title elementor-size-default\">St\u00e9phanie Kintzig<\/h1>\t\t\t\t<\/div>\n\t\t\t\t<\/div>\n\t\t\t\t\t<\/div>\n\t\t<\/div>\n\t\t\t\t\t<\/div>\n\t\t<\/section>\n\t\t\t\t<section class=\"elementor-section elementor-top-section elementor-element elementor-element-5ec2734 elementor-section-boxed elementor-section-height-default elementor-section-height-default\" data-id=\"5ec2734\" data-element_type=\"section\" data-e-type=\"section\">\n\t\t\t\t\t\t<div class=\"elementor-container elementor-column-gap-default\">\n\t\t\t\t\t<div class=\"elementor-column elementor-col-100 elementor-top-column elementor-element elementor-element-e1bd41f\" data-id=\"e1bd41f\" data-element_type=\"column\" data-e-type=\"column\">\n\t\t\t<div class=\"elementor-widget-wrap elementor-element-populated\">\n\t\t\t\t\t\t<div class=\"elementor-element elementor-element-49cbafe elementor-widget elementor-widget-houzez_elementor_space\" data-id=\"49cbafe\" data-element_type=\"widget\" data-e-type=\"widget\" data-widget_type=\"houzez_elementor_space.default\">\n\t\t\t\t<div class=\"elementor-widget-container\">\n\t\t\t\t\t        <div class=\"houzez-spacer\">\n            <div class=\"houzez-spacer-inner\"><\/div>\n        <\/div>\n        \t\t\t\t<\/div>\n\t\t\t\t<\/div>\n\t\t\t\t\t<\/div>\n\t\t<\/div>\n\t\t\t\t\t<\/div>\n\t\t<\/section>\n\t\t<div class=\"elementor-element elementor-element-4c0cb17 e-flex e-con-boxed e-con e-parent\" data-id=\"4c0cb17\" data-element_type=\"container\" data-e-type=\"container\" data-settings=\"{&quot;background_background&quot;:&quot;classic&quot;}\">\n\t\t\t\t\t<div class=\"e-con-inner\">\n\t\t<div class=\"elementor-element elementor-element-7dfd319 e-con-full e-flex e-con e-child\" data-id=\"7dfd319\" data-element_type=\"container\" data-e-type=\"container\" data-settings=\"{&quot;background_background&quot;:&quot;classic&quot;}\">\n\t\t\t\t<div class=\"elementor-element elementor-element-f6e8c3b elementor-widget elementor-widget-image\" data-id=\"f6e8c3b\" data-element_type=\"widget\" data-e-type=\"widget\" data-widget_type=\"image.default\">\n\t\t\t\t<div class=\"elementor-widget-container\">\n\t\t\t\t\t\t\t\t\t\t\t\t\t\t\t<img fetchpriority=\"high\" decoding=\"async\" width=\"500\" height=\"500\" src=\"https:\/\/campingavendre.ca\/wp-content\/uploads\/2016\/02\/Stephanie.webp\" class=\"attachment-large size-large wp-image-17970\" alt=\"\" srcset=\"https:\/\/campingavendre.ca\/wp-content\/uploads\/2016\/02\/Stephanie.webp 500w, https:\/\/campingavendre.ca\/wp-content\/uploads\/2016\/02\/Stephanie-300x300.webp 300w, https:\/\/campingavendre.ca\/wp-content\/uploads\/2016\/02\/Stephanie-150x150.webp 150w, https:\/\/campingavendre.ca\/wp-content\/uploads\/2016\/02\/Stephanie-496x496.webp 496w\" sizes=\"(max-width: 500px) 100vw, 500px\" \/>\t\t\t\t\t\t\t\t\t\t\t\t\t\t\t<\/div>\n\t\t\t\t<\/div>\n\t\t\t\t<\/div>\n\t\t<div class=\"elementor-element elementor-element-fe04d91 e-con-full e-flex e-con e-child\" data-id=\"fe04d91\" data-element_type=\"container\" data-e-type=\"container\" data-settings=\"{&quot;background_background&quot;:&quot;classic&quot;}\">\n\t\t\t\t<div class=\"elementor-element elementor-element-759ff91 elementor-widget elementor-widget-heading\" data-id=\"759ff91\" data-element_type=\"widget\" data-e-type=\"widget\" data-widget_type=\"heading.default\">\n\t\t\t\t<div class=\"elementor-widget-container\">\n\t\t\t\t\t<h2 class=\"elementor-heading-title elementor-size-default\">St\u00e9phanie Kintzig<\/h2>\t\t\t\t<\/div>\n\t\t\t\t<\/div>\n\t\t\t\t<div class=\"elementor-element elementor-element-9653d21 elementor-widget elementor-widget-heading\" data-id=\"9653d21\" data-element_type=\"widget\" data-e-type=\"widget\" data-widget_type=\"heading.default\">\n\t\t\t\t<div class=\"elementor-widget-container\">\n\t\t\t\t\t<h3 class=\"elementor-heading-title elementor-size-default\">819 266-2195<\/h3>\t\t\t\t<\/div>\n\t\t\t\t<\/div>\n\t\t\t\t<div class=\"elementor-element elementor-element-41671a0 elementor-widget elementor-widget-heading\" data-id=\"41671a0\" data-element_type=\"widget\" data-e-type=\"widget\" data-widget_type=\"heading.default\">\n\t\t\t\t<div class=\"elementor-widget-container\">\n\t\t\t\t\t<h4 class=\"elementor-heading-title elementor-size-default\">Sales Coordinator<\/h4>\t\t\t\t<\/div>\n\t\t\t\t<\/div>\n\t\t\t\t<div class=\"elementor-element elementor-element-bf55c30 elementor-widget-divider--view-line elementor-widget elementor-widget-divider\" data-id=\"bf55c30\" data-element_type=\"widget\" data-e-type=\"widget\" data-widget_type=\"divider.default\">\n\t\t\t\t<div class=\"elementor-widget-container\">\n\t\t\t\t\t\t\t<div class=\"elementor-divider\">\n\t\t\t<span class=\"elementor-divider-separator\">\n\t\t\t\t\t\t<\/span>\n\t\t<\/div>\n\t\t\t\t\t\t<\/div>\n\t\t\t\t<\/div>\n\t\t\t\t<div class=\"elementor-element elementor-element-2f42d88 elementor-widget elementor-widget-text-editor\" data-id=\"2f42d88\" data-element_type=\"widget\" data-e-type=\"widget\" data-widget_type=\"text-editor.default\">\n\t\t\t\t<div class=\"elementor-widget-container\">\n\t\t\t\t\t\t\t\t\t<ul class=\"list-unstyled\"><li><strong>R\u00e9gions desservies:<\/strong>\u00a0Le Qu\u00e9bec<\/li><li><strong>Sp\u00e9cialit\u00e9s:<\/strong>\u00a0Les campings<\/li><\/ul>\t\t\t\t\t\t\t\t<\/div>\n\t\t\t\t<\/div>\n\t\t<div class=\"elementor-element elementor-element-938062d e-con-full e-flex e-con e-child\" data-id=\"938062d\" data-element_type=\"container\" data-e-type=\"container\">\n\t\t<div class=\"elementor-element elementor-element-3ed54ce e-con-full e-flex e-con e-child\" data-id=\"3ed54ce\" data-element_type=\"container\" data-e-type=\"container\">\n\t\t\t\t<div class=\"elementor-element elementor-element-2cc68fc elementor-align-left elementor-invisible elementor-widget elementor-widget-button\" data-id=\"2cc68fc\" data-element_type=\"widget\" data-e-type=\"widget\" data-settings=\"{&quot;_animation&quot;:&quot;fadeInUp&quot;}\" data-widget_type=\"button.default\">\n\t\t\t\t<div class=\"elementor-widget-container\">\n\t\t\t\t\t\t\t\t\t<div class=\"elementor-button-wrapper\">\n\t\t\t\t\t<a class=\"elementor-button elementor-button-link elementor-size-sm\" href=\"mailto:stephanie@campingavendre.ca\">\n\t\t\t\t\t\t<span class=\"elementor-button-content-wrapper\">\n\t\t\t\t\t\t\t\t\t<span class=\"elementor-button-text\">Send an email<\/span>\n\t\t\t\t\t<\/span>\n\t\t\t\t\t<\/a>\n\t\t\t\t<\/div>\n\t\t\t\t\t\t\t\t<\/div>\n\t\t\t\t<\/div>\n\t\t\t\t<\/div>\n\t\t<div class=\"elementor-element elementor-element-0b2db39 e-con-full e-flex e-con e-child\" data-id=\"0b2db39\" data-element_type=\"container\" data-e-type=\"container\">\n\t\t\t\t<div class=\"elementor-element elementor-element-5e9b952 elementor-align-left elementor-invisible elementor-widget elementor-widget-button\" data-id=\"5e9b952\" data-element_type=\"widget\" data-e-type=\"widget\" data-settings=\"{&quot;_animation&quot;:&quot;fadeInUp&quot;}\" data-widget_type=\"button.default\">\n\t\t\t\t<div class=\"elementor-widget-container\">\n\t\t\t\t\t\t\t\t\t<div class=\"elementor-button-wrapper\">\n\t\t\t\t\t<a class=\"elementor-button elementor-button-link elementor-size-sm\" href=\"tel:819%20266-2195\">\n\t\t\t\t\t\t<span class=\"elementor-button-content-wrapper\">\n\t\t\t\t\t\t\t\t\t<span class=\"elementor-button-text\">Call<\/span>\n\t\t\t\t\t<\/span>\n\t\t\t\t\t<\/a>\n\t\t\t\t<\/div>\n\t\t\t\t\t\t\t\t<\/div>\n\t\t\t\t<\/div>\n\t\t\t\t<\/div>\n\t\t\t\t<\/div>\n\t\t\t\t<\/div>\n\t\t\t\t\t<\/div>\n\t\t\t\t<\/div>\n\t\t<div class=\"elementor-element elementor-element-8e0bccd e-flex e-con-boxed e-con e-parent\" data-id=\"8e0bccd\" data-element_type=\"container\" data-e-type=\"container\">\n\t\t\t\t\t<div class=\"e-con-inner\">\n\t\t<div class=\"elementor-element elementor-element-21abd2d e-con-full e-flex e-con e-child\" data-id=\"21abd2d\" data-element_type=\"container\" data-e-type=\"container\" data-settings=\"{&quot;background_background&quot;:&quot;classic&quot;}\">\n\t\t\t\t<div class=\"elementor-element elementor-element-a3c8bc3 elementor-widget elementor-widget-text-editor\" data-id=\"a3c8bc3\" data-element_type=\"widget\" data-e-type=\"widget\" data-widget_type=\"text-editor.default\">\n\t\t\t\t<div class=\"elementor-widget-container\">\n\t\t\t\t\t\t\t\t\t<h4>About St\u00e9phanie Kintzig<\/h4><h5>819 266-2195<\/h5><p>St\u00e9phanie KINTZIG embodies experience at the service of your camping project. More than 20 years of transforming and revitalizing campsites, both in France and Quebec, with a winning formula: quality, respect for the environment and customer satisfaction.<\/p><p>Her accounting and financial training, and her experience acquired in an accounting firm, give St\u00e9phanie solid financial management skills.<\/p><p>After successfully acquiring and developing several campsites in France, St\u00e9phanie moved to Quebec in 2016 and became the owner of Camping Melbourne Estrie, which has received numerous awards of excellence.<\/p><p>Her deep commitment to various organizations related to the sector in France (FNHPA, Camping Qualit\u00e9, Chaine Flower, etc.) and in Quebec gives her a keen understanding of the issues, going far beyond simple campsite management. In addition, St\u00e9phanie puts her expertise at the service of French entrepreneurs wishing to invest in Quebec, as a coach facilitating integration.<\/p><p>Her training in building design completes her profile. Her dynamism, versatility, and in-depth knowledge of the market make her a valuable asset to CAMPINGAVENDRE.CA. Along with Patsy, they form a professionnal team dedicated to your success.<\/p>\t\t\t\t\t\t\t\t<\/div>\n\t\t\t\t<\/div>\n\t\t\t\t<\/div>\n\t\t\t\t\t<\/div>\n\t\t\t\t<\/div>\n\t\t\t\t<\/div>\n\t\t","protected":false},"excerpt":{"rendered":"<p>St\u00e9phanie Kintzig St\u00e9phanie Kintzig 819 266-2195 Sales Coordinator R\u00e9gions desservies:\u00a0Le Qu\u00e9bec Sp\u00e9cialit\u00e9s:\u00a0Les campings Send an email Call About St\u00e9phanie Kintzig 819 266-2195 St\u00e9phanie KINTZIG embodies experience at the service of your camping project. More than 20 years of transforming and revitalizing campsites, both in France and Quebec, with a winning formula: quality, respect for the [&hellip;]<\/p>\n","protected":false},"author":1,"featured_media":0,"parent":0,"menu_order":0,"comment_status":"closed","ping_status":"closed","template":"template\/template-homepage.php","meta":{"_monsterinsights_skip_tracking":false,"_monsterinsights_sitenote_active":false,"_monsterinsights_sitenote_note":"","_monsterinsights_sitenote_category":0,"footnotes":""},"class_list":["post-19283","page","type-page","status-publish","hentry"],"_links":{"self":[{"href":"https:\/\/campingavendre.ca\/en\/wp-json\/wp\/v2\/pages\/19283","targetHints":{"allow":["GET"]}}],"collection":[{"href":"https:\/\/campingavendre.ca\/en\/wp-json\/wp\/v2\/pages"}],"about":[{"href":"https:\/\/campingavendre.ca\/en\/wp-json\/wp\/v2\/types\/page"}],"author":[{"embeddable":true,"href":"https:\/\/campingavendre.ca\/en\/wp-json\/wp\/v2\/users\/1"}],"replies":[{"embeddable":true,"href":"https:\/\/campingavendre.ca\/en\/wp-json\/wp\/v2\/comments?post=19283"}],"version-history":[{"count":0,"href":"https:\/\/campingavendre.ca\/en\/wp-json\/wp\/v2\/pages\/19283\/revisions"}],"wp:attachment":[{"href":"https:\/\/campingavendre.ca\/en\/wp-json\/wp\/v2\/media?parent=19283"}],"curies":[{"name":"wp","href":"https:\/\/api.w.org\/{rel}","templated":true}]}}